{"id":18185,"date":"2022-03-02T05:13:35","date_gmt":"2022-03-02T09:13:35","guid":{"rendered":"https:\/\/cafedonjuan.com\/cart-2\/"},"modified":"2025-12-09T01:23:41","modified_gmt":"2025-12-09T05:23:41","slug":"cart","status":"publish","type":"page","link":"https:\/\/cafedonjuan.com\/en\/cart\/","title":{"rendered":"Cart"},"content":{"rendered":"\t\t<div data-elementor-type=\"wp-page\" data-elementor-id=\"18185\" class=\"elementor elementor-18185 elementor-138\" data-elementor-post-type=\"page\">\n\t\t\t\t\t\t<section class=\"elementor-section elementor-top-section elementor-element elementor-element-8305922 elementor-section-full_width elementor-section-height-default elementor-section-height-default\" data-id=\"8305922\" data-element_type=\"section\">\n\t\t\t\t\t\t<div class=\"elementor-container elementor-column-gap-no\">\n\t\t\t\t\t<div class=\"elementor-column elementor-col-100 elementor-top-column elementor-element elementor-element-f67833e\" data-id=\"f67833e\" data-element_type=\"column\">\n\t\t\t<div class=\"elementor-widget-wrap elementor-element-populated\">\n\t\t\t\t\t\t<div class=\"elementor-element elementor-element-787f901 elementor-widget elementor-widget-shortcode\" data-id=\"787f901\" data-element_type=\"widget\" data-widget_type=\"shortcode.default\">\n\t\t\t\t<div class=\"elementor-widget-container\">\n\t\t\t\t\t\t\t<div class=\"elementor-shortcode\">\t\t<section data-elementor-type=\"section\" data-elementor-id=\"56\" class=\"elementor elementor-56\" data-elementor-post-type=\"elementor_library\">\n\t\t\t\t\t<section class=\"elementor-section elementor-top-section elementor-element elementor-element-0818c5a elementor-section-height-min-height elementor-section-boxed elementor-section-height-default elementor-section-items-middle\" data-id=\"0818c5a\" data-element_type=\"section\" data-settings=\"{&quot;background_background&quot;:&quot;classic&quot;,&quot;background_motion_fx_motion_fx_scrolling&quot;:&quot;yes&quot;,&quot;background_motion_fx_translateY_effect&quot;:&quot;yes&quot;,&quot;background_motion_fx_translateY_speed&quot;:{&quot;unit&quot;:&quot;px&quot;,&quot;size&quot;:2,&quot;sizes&quot;:[]},&quot;background_motion_fx_translateY_affectedRange&quot;:{&quot;unit&quot;:&quot;%&quot;,&quot;size&quot;:&quot;&quot;,&quot;sizes&quot;:{&quot;start&quot;:0,&quot;end&quot;:100}},&quot;background_motion_fx_devices&quot;:[&quot;desktop&quot;,&quot;tablet&quot;,&quot;mobile&quot;]}\">\n\t\t\t\t\t\t\t<div class=\"elementor-background-overlay\"><\/div>\n\t\t\t\t\t\t\t<div class=\"elementor-container elementor-column-gap-no\">\n\t\t\t\t\t<div class=\"elementor-column elementor-col-100 elementor-top-column elementor-element elementor-element-3684e02\" data-id=\"3684e02\" data-element_type=\"column\">\n\t\t\t<div class=\"elementor-widget-wrap elementor-element-populated\">\n\t\t\t\t\t\t<section class=\"elementor-section elementor-inner-section elementor-element elementor-element-df4f00b elementor-section-boxed elementor-section-height-default elementor-section-height-default\" data-id=\"df4f00b\" data-element_type=\"section\">\n\t\t\t\t\t\t<div class=\"elementor-container elementor-column-gap-default\">\n\t\t\t\t\t<div class=\"elementor-column elementor-col-100 elementor-inner-column elementor-element elementor-element-7e53a67\" data-id=\"7e53a67\" data-element_type=\"column\">\n\t\t\t<div class=\"elementor-widget-wrap elementor-element-populated\">\n\t\t\t\t\t\t\t<\/div>\n\t\t<\/div>\n\t\t\t\t\t<\/div>\n\t\t<\/section>\n\t\t\t\t\t<\/div>\n\t\t<\/div>\n\t\t\t\t\t<\/div>\n\t\t<\/section>\n\t\t\t\t<\/section>\n\t\t<\/div>\n\t\t\t\t\t\t<\/div>\n\t\t\t\t<\/div>\n\t\t\t\t\t<\/div>\n\t\t<\/div>\n\t\t\t\t\t<\/div>\n\t\t<\/section>\n\t\t\t\t<section class=\"elementor-section elementor-top-section elementor-element elementor-element-5dd182ee elementor-section-boxed elementor-section-height-default elementor-section-height-default\" data-id=\"5dd182ee\" data-element_type=\"section\">\n\t\t\t\t\t\t<div class=\"elementor-container elementor-column-gap-default\">\n\t\t\t\t\t<div class=\"elementor-column elementor-col-100 elementor-top-column elementor-element elementor-element-5d06934d\" data-id=\"5d06934d\" data-element_type=\"column\">\n\t\t\t<div class=\"elementor-widget-wrap elementor-element-populated\">\n\t\t\t\t\t\t<div class=\"elementor-element elementor-element-ee62cf6 e-cart-layout-one-column elementor-widget elementor-widget-woocommerce-cart\" data-id=\"ee62cf6\" data-element_type=\"widget\" data-settings=\"{&quot;update_cart_automatically&quot;:&quot;yes&quot;}\" data-widget_type=\"woocommerce-cart.default\">\n\t\t\t\t<div class=\"elementor-widget-container\">\n\t\t\t\t\t<div class=\"woocommerce\"><div class=\"woocommerce-notices-wrapper\"><\/div><div class=\"wc-empty-cart-message\">\n\t<div class=\"cart-empty woocommerce-info\" role=\"status\">\n\t\tYour cart is currently empty.\t<\/div>\n<\/div>\t<p class=\"return-to-shop\">\n\t\t<a class=\"button wc-backward\" href=\"https:\/\/cafedonjuan.com\/en\/shop\/\">\n\t\t\tReturn to shop\t\t<\/a>\n\t<\/p>\n<\/div>\t\t\t\t<\/div>\n\t\t\t\t<\/div>\n\t\t\t\t\t<\/div>\n\t\t<\/div>\n\t\t\t\t\t<\/div>\n\t\t<\/section>\n\t\t\t\t<\/div>\n\t\t","protected":false},"excerpt":{"rendered":"<p>&nbsp; &nbsp; Product Price Quantity Subtotal &times; T-Shirt de Icono &#8211; Apoya tu Agricultor &#8211; Medium Men &#36;16.00 T-Shirt de Icono &#8211; Apoya tu Agricultor &#8211; Medium Men quantity &#36;16.00 &times; Caf\u00e9 Don Juan Coffe Mug &#36;22.00 Caf\u00e9 Don Juan Coffe Mug quantity &#36;44.00 &times; Caf\u00e9 Don Juan &#8211; Keep Cup Special Edition &#36;30.00 Caf\u00e9 [&hellip;]<\/p>\n","protected":false},"author":1,"featured_media":20272,"parent":0,"menu_order":0,"comment_status":"closed","ping_status":"closed","template":"elementor_header_footer","meta":{"footnotes":""},"class_list":["post-18185","page","type-page","status-publish","has-post-thumbnail","hentry"],"yoast_head":"<!-- This site is optimized with the Yoast SEO Premium plugin v24.6 (Yoast SEO v26.6) - https:\/\/yoast.com\/wordpress\/plugins\/seo\/ -->\n<title>Cart | Caf\u00e9 Don Juan Online Store<\/title>\n<meta name=\"description\" content=\"Review your cart and get ready to enjoy Puerto Rican coffee at home. Secure checkout and fast delivery available.\" \/>\n<meta name=\"robots\" content=\"index, follow, max-snippet:-1, max-image-preview:large, max-video-preview:-1\" \/>\n<link rel=\"canonical\" href=\"https:\/\/cafedonjuan.com\/en\/cart\/\" \/>\n<meta property=\"og:locale\" content=\"en_US\" \/>\n<meta property=\"og:type\" content=\"article\" \/>\n<meta property=\"og:title\" content=\"Cart\" \/>\n<meta property=\"og:description\" content=\"Review your cart and get ready to enjoy Puerto Rican coffee at home. Secure checkout and fast delivery available.\" \/>\n<meta property=\"og:url\" content=\"https:\/\/cafedonjuan.com\/en\/cart\/\" \/>\n<meta property=\"og:site_name\" content=\"Cafe Don Juan\" \/>\n<meta property=\"article:modified_time\" content=\"2025-12-09T05:23:41+00:00\" \/>\n<meta property=\"og:image\" content=\"https:\/\/cafedonjuan.com\/wp-content\/uploads\/2025\/12\/hero-senorial-02.jpg\" \/>\n\t<meta property=\"og:image:width\" content=\"1920\" \/>\n\t<meta property=\"og:image:height\" content=\"785\" \/>\n\t<meta property=\"og:image:type\" content=\"image\/jpeg\" \/>\n<meta name=\"twitter:card\" content=\"summary_large_image\" \/>\n<meta name=\"twitter:label1\" content=\"Est. reading time\" \/>\n\t<meta name=\"twitter:data1\" content=\"1 minute\" \/>\n<script type=\"application\/ld+json\" class=\"yoast-schema-graph\">{\"@context\":\"https:\/\/schema.org\",\"@graph\":[{\"@type\":\"WebPage\",\"@id\":\"https:\/\/cafedonjuan.com\/en\/cart\/\",\"url\":\"https:\/\/cafedonjuan.com\/en\/cart\/\",\"name\":\"Cart | Caf\u00e9 Don Juan Online Store\",\"isPartOf\":{\"@id\":\"https:\/\/cafedonjuan.com\/#website\"},\"primaryImageOfPage\":{\"@id\":\"https:\/\/cafedonjuan.com\/en\/cart\/#primaryimage\"},\"image\":{\"@id\":\"https:\/\/cafedonjuan.com\/en\/cart\/#primaryimage\"},\"thumbnailUrl\":\"https:\/\/cafedonjuan.com\/wp-content\/uploads\/2025\/12\/hero-platos-02.jpg\",\"datePublished\":\"2022-03-02T09:13:35+00:00\",\"dateModified\":\"2025-12-09T05:23:41+00:00\",\"description\":\"Review your cart and get ready to enjoy Puerto Rican coffee at home. Secure checkout and fast delivery available.\",\"breadcrumb\":{\"@id\":\"https:\/\/cafedonjuan.com\/en\/cart\/#breadcrumb\"},\"inLanguage\":\"en-US\",\"potentialAction\":[{\"@type\":\"ReadAction\",\"target\":[\"https:\/\/cafedonjuan.com\/en\/cart\/\"]}]},{\"@type\":\"ImageObject\",\"inLanguage\":\"en-US\",\"@id\":\"https:\/\/cafedonjuan.com\/en\/cart\/#primaryimage\",\"url\":\"https:\/\/cafedonjuan.com\/wp-content\/uploads\/2025\/12\/hero-platos-02.jpg\",\"contentUrl\":\"https:\/\/cafedonjuan.com\/wp-content\/uploads\/2025\/12\/hero-platos-02.jpg\",\"width\":1920,\"height\":785},{\"@type\":\"BreadcrumbList\",\"@id\":\"https:\/\/cafedonjuan.com\/en\/cart\/#breadcrumb\",\"itemListElement\":[{\"@type\":\"ListItem\",\"position\":1,\"name\":\"Portada\",\"item\":\"https:\/\/cafedonjuan.com\/en\/\"},{\"@type\":\"ListItem\",\"position\":2,\"name\":\"Cart\"}]},{\"@type\":\"WebSite\",\"@id\":\"https:\/\/cafedonjuan.com\/#website\",\"url\":\"https:\/\/cafedonjuan.com\/\",\"name\":\"Cafe Don Juan\",\"description\":\"Vive la cultura del buen caf\u00e9\",\"publisher\":{\"@id\":\"https:\/\/cafedonjuan.com\/#organization\"},\"potentialAction\":[{\"@type\":\"SearchAction\",\"target\":{\"@type\":\"EntryPoint\",\"urlTemplate\":\"https:\/\/cafedonjuan.com\/?s={search_term_string}\"},\"query-input\":{\"@type\":\"PropertyValueSpecification\",\"valueRequired\":true,\"valueName\":\"search_term_string\"}}],\"inLanguage\":\"en-US\"},{\"@type\":\"Organization\",\"@id\":\"https:\/\/cafedonjuan.com\/#organization\",\"name\":\"Cafe Don Juan\",\"url\":\"https:\/\/cafedonjuan.com\/\",\"logo\":{\"@type\":\"ImageObject\",\"inLanguage\":\"en-US\",\"@id\":\"https:\/\/cafedonjuan.com\/#\/schema\/logo\/image\/\",\"url\":\"https:\/\/cafedonjuan.com\/wp-content\/uploads\/2022\/03\/CafeDonJuan.png\",\"contentUrl\":\"https:\/\/cafedonjuan.com\/wp-content\/uploads\/2022\/03\/CafeDonJuan.png\",\"width\":474,\"height\":280,\"caption\":\"Cafe Don Juan\"},\"image\":{\"@id\":\"https:\/\/cafedonjuan.com\/#\/schema\/logo\/image\/\"}}]}<\/script>\n<!-- \/ Yoast SEO Premium plugin. -->","yoast_head_json":{"title":"Cart | Caf\u00e9 Don Juan Online Store","description":"Review your cart and get ready to enjoy Puerto Rican coffee at home. Secure checkout and fast delivery available.","robots":{"index":"index","follow":"follow","max-snippet":"max-snippet:-1","max-image-preview":"max-image-preview:large","max-video-preview":"max-video-preview:-1"},"canonical":"https:\/\/cafedonjuan.com\/en\/cart\/","og_locale":"en_US","og_type":"article","og_title":"Cart","og_description":"Review your cart and get ready to enjoy Puerto Rican coffee at home. Secure checkout and fast delivery available.","og_url":"https:\/\/cafedonjuan.com\/en\/cart\/","og_site_name":"Cafe Don Juan","article_modified_time":"2025-12-09T05:23:41+00:00","og_image":[{"width":1920,"height":785,"url":"https:\/\/cafedonjuan.com\/wp-content\/uploads\/2025\/12\/hero-senorial-02.jpg","type":"image\/jpeg"}],"twitter_card":"summary_large_image","twitter_misc":{"Est. reading time":"1 minute"},"schema":{"@context":"https:\/\/schema.org","@graph":[{"@type":"WebPage","@id":"https:\/\/cafedonjuan.com\/en\/cart\/","url":"https:\/\/cafedonjuan.com\/en\/cart\/","name":"Cart | Caf\u00e9 Don Juan Online Store","isPartOf":{"@id":"https:\/\/cafedonjuan.com\/#website"},"primaryImageOfPage":{"@id":"https:\/\/cafedonjuan.com\/en\/cart\/#primaryimage"},"image":{"@id":"https:\/\/cafedonjuan.com\/en\/cart\/#primaryimage"},"thumbnailUrl":"https:\/\/cafedonjuan.com\/wp-content\/uploads\/2025\/12\/hero-platos-02.jpg","datePublished":"2022-03-02T09:13:35+00:00","dateModified":"2025-12-09T05:23:41+00:00","description":"Review your cart and get ready to enjoy Puerto Rican coffee at home. Secure checkout and fast delivery available.","breadcrumb":{"@id":"https:\/\/cafedonjuan.com\/en\/cart\/#breadcrumb"},"inLanguage":"en-US","potentialAction":[{"@type":"ReadAction","target":["https:\/\/cafedonjuan.com\/en\/cart\/"]}]},{"@type":"ImageObject","inLanguage":"en-US","@id":"https:\/\/cafedonjuan.com\/en\/cart\/#primaryimage","url":"https:\/\/cafedonjuan.com\/wp-content\/uploads\/2025\/12\/hero-platos-02.jpg","contentUrl":"https:\/\/cafedonjuan.com\/wp-content\/uploads\/2025\/12\/hero-platos-02.jpg","width":1920,"height":785},{"@type":"BreadcrumbList","@id":"https:\/\/cafedonjuan.com\/en\/cart\/#breadcrumb","itemListElement":[{"@type":"ListItem","position":1,"name":"Portada","item":"https:\/\/cafedonjuan.com\/en\/"},{"@type":"ListItem","position":2,"name":"Cart"}]},{"@type":"WebSite","@id":"https:\/\/cafedonjuan.com\/#website","url":"https:\/\/cafedonjuan.com\/","name":"Cafe Don Juan","description":"Vive la cultura del buen caf\u00e9","publisher":{"@id":"https:\/\/cafedonjuan.com\/#organization"},"potentialAction":[{"@type":"SearchAction","target":{"@type":"EntryPoint","urlTemplate":"https:\/\/cafedonjuan.com\/?s={search_term_string}"},"query-input":{"@type":"PropertyValueSpecification","valueRequired":true,"valueName":"search_term_string"}}],"inLanguage":"en-US"},{"@type":"Organization","@id":"https:\/\/cafedonjuan.com\/#organization","name":"Cafe Don Juan","url":"https:\/\/cafedonjuan.com\/","logo":{"@type":"ImageObject","inLanguage":"en-US","@id":"https:\/\/cafedonjuan.com\/#\/schema\/logo\/image\/","url":"https:\/\/cafedonjuan.com\/wp-content\/uploads\/2022\/03\/CafeDonJuan.png","contentUrl":"https:\/\/cafedonjuan.com\/wp-content\/uploads\/2022\/03\/CafeDonJuan.png","width":474,"height":280,"caption":"Cafe Don Juan"},"image":{"@id":"https:\/\/cafedonjuan.com\/#\/schema\/logo\/image\/"}}]}},"jetpack_sharing_enabled":true,"_links":{"self":[{"href":"https:\/\/cafedonjuan.com\/en\/wp-json\/wp\/v2\/pages\/18185","targetHints":{"allow":["GET"]}}],"collection":[{"href":"https:\/\/cafedonjuan.com\/en\/wp-json\/wp\/v2\/pages"}],"about":[{"href":"https:\/\/cafedonjuan.com\/en\/wp-json\/wp\/v2\/types\/page"}],"author":[{"embeddable":true,"href":"https:\/\/cafedonjuan.com\/en\/wp-json\/wp\/v2\/users\/1"}],"replies":[{"embeddable":true,"href":"https:\/\/cafedonjuan.com\/en\/wp-json\/wp\/v2\/comments?post=18185"}],"version-history":[{"count":5,"href":"https:\/\/cafedonjuan.com\/en\/wp-json\/wp\/v2\/pages\/18185\/revisions"}],"predecessor-version":[{"id":19774,"href":"https:\/\/cafedonjuan.com\/en\/wp-json\/wp\/v2\/pages\/18185\/revisions\/19774"}],"wp:featuredmedia":[{"embeddable":true,"href":"https:\/\/cafedonjuan.com\/en\/wp-json\/wp\/v2\/media\/20272"}],"wp:attachment":[{"href":"https:\/\/cafedonjuan.com\/en\/wp-json\/wp\/v2\/media?parent=18185"}],"curies":[{"name":"wp","href":"https:\/\/api.w.org\/{rel}","templated":true}]}}