{"id":19852,"date":"2022-03-02T02:17:49","date_gmt":"2022-03-02T06:17:49","guid":{"rendered":"https:\/\/cafedonjuan.com\/nosotros\/"},"modified":"2025-06-05T16:33:25","modified_gmt":"2025-06-05T20:33:25","slug":"about-us","status":"publish","type":"page","link":"https:\/\/cafedonjuan.com\/en\/about-us\/","title":{"rendered":"About Us"},"content":{"rendered":"\t\t<div data-elementor-type=\"wp-page\" data-elementor-id=\"19852\" class=\"elementor elementor-19852 elementor-11\" data-elementor-post-type=\"page\">\n\t\t\t\t\t\t<section class=\"elementor-section elementor-top-section elementor-element elementor-element-291c167 elementor-section-height-min-height elementor-section-boxed elementor-section-height-default elementor-section-items-middle\" data-id=\"291c167\" data-element_type=\"section\" data-e-type=\"section\" data-settings=\"{&quot;background_background&quot;:&quot;classic&quot;,&quot;background_motion_fx_motion_fx_scrolling&quot;:&quot;yes&quot;,&quot;background_motion_fx_translateY_effect&quot;:&quot;yes&quot;,&quot;background_motion_fx_translateY_speed&quot;:{&quot;unit&quot;:&quot;px&quot;,&quot;size&quot;:4,&quot;sizes&quot;:[]},&quot;background_motion_fx_translateY_affectedRange&quot;:{&quot;unit&quot;:&quot;%&quot;,&quot;size&quot;:&quot;&quot;,&quot;sizes&quot;:{&quot;start&quot;:0,&quot;end&quot;:100}},&quot;background_motion_fx_devices&quot;:[&quot;desktop&quot;,&quot;tablet&quot;,&quot;mobile&quot;]}\">\n\t\t\t\t\t\t\t<div class=\"elementor-background-overlay\"><\/div>\n\t\t\t\t\t\t\t<div class=\"elementor-container elementor-column-gap-no\">\n\t\t\t\t\t<div class=\"elementor-column elementor-col-100 elementor-top-column elementor-element elementor-element-bfbbefe\" data-id=\"bfbbefe\" data-element_type=\"column\" data-e-type=\"column\">\n\t\t\t<div class=\"elementor-widget-wrap elementor-element-populated\">\n\t\t\t\t\t\t<section class=\"elementor-section elementor-inner-section elementor-element elementor-element-0e4a013 elementor-section-boxed elementor-section-height-default elementor-section-height-default\" data-id=\"0e4a013\" data-element_type=\"section\" data-e-type=\"section\">\n\t\t\t\t\t\t<div class=\"elementor-container elementor-column-gap-default\">\n\t\t\t\t\t<div class=\"elementor-column elementor-col-100 elementor-inner-column elementor-element elementor-element-49fe9df\" data-id=\"49fe9df\" data-element_type=\"column\" data-e-type=\"column\">\n\t\t\t<div class=\"elementor-widget-wrap elementor-element-populated\">\n\t\t\t\t\t\t\t<\/div>\n\t\t<\/div>\n\t\t\t\t\t<\/div>\n\t\t<\/section>\n\t\t\t\t\t<\/div>\n\t\t<\/div>\n\t\t\t\t\t<\/div>\n\t\t<\/section>\n\t\t\t\t<section class=\"elementor-section elementor-top-section elementor-element elementor-element-56284ea elementor-section-boxed elementor-section-height-default elementor-section-height-default\" data-id=\"56284ea\" data-element_type=\"section\" data-e-type=\"section\">\n\t\t\t\t\t\t<div class=\"elementor-container elementor-column-gap-default\">\n\t\t\t\t\t<div class=\"elementor-column elementor-col-50 elementor-top-column elementor-element elementor-element-6d760a1\" data-id=\"6d760a1\" data-element_type=\"column\" data-e-type=\"column\">\n\t\t\t<div class=\"elementor-widget-wrap elementor-element-populated\">\n\t\t\t\t\t\t<div class=\"elementor-element elementor-element-84fea40 elementor-widget elementor-widget-image\" data-id=\"84fea40\" data-element_type=\"widget\" data-e-type=\"widget\" data-widget_type=\"image.default\">\n\t\t\t\t<div class=\"elementor-widget-container\">\n\t\t\t\t\t\t\t\t\t\t\t\t\t\t\t<img fetchpriority=\"high\" decoding=\"async\" width=\"800\" height=\"534\" src=\"https:\/\/cafedonjuan.com\/wp-content\/uploads\/2022\/03\/cdj_007-1024x683.jpg\" class=\"attachment-large size-large wp-image-18047\" alt=\"\" srcset=\"https:\/\/cafedonjuan.com\/wp-content\/uploads\/2022\/03\/cdj_007-1024x683.jpg 1024w, https:\/\/cafedonjuan.com\/wp-content\/uploads\/2022\/03\/cdj_007-600x400.jpg 600w, https:\/\/cafedonjuan.com\/wp-content\/uploads\/2022\/03\/cdj_007-300x200.jpg 300w, https:\/\/cafedonjuan.com\/wp-content\/uploads\/2022\/03\/cdj_007-768x512.jpg 768w, https:\/\/cafedonjuan.com\/wp-content\/uploads\/2022\/03\/cdj_007.jpg 1200w\" sizes=\"(max-width: 800px) 100vw, 800px\" \/>\t\t\t\t\t\t\t\t\t\t\t\t\t\t\t<\/div>\n\t\t\t\t<\/div>\n\t\t\t\t\t<\/div>\n\t\t<\/div>\n\t\t\t\t<div class=\"elementor-column elementor-col-50 elementor-top-column elementor-element elementor-element-9f1700e\" data-id=\"9f1700e\" data-element_type=\"column\" data-e-type=\"column\">\n\t\t\t<div class=\"elementor-widget-wrap elementor-element-populated\">\n\t\t\t\t\t\t<div class=\"elementor-element elementor-element-4780f76 elementor-widget elementor-widget-heading\" data-id=\"4780f76\" data-element_type=\"widget\" data-e-type=\"widget\" data-widget_type=\"heading.default\">\n\t\t\t\t<div class=\"elementor-widget-container\">\n\t\t\t\t\t<h2 class=\"elementor-heading-title elementor-size-default\">Caf\u00e9 Don Juan is a coffee shop that was founded in 2012 by Juan Pablo Torres, a young barista who dedicated years to serving and exemplifying the culture of good coffee through his barista craft.<\/h2>\t\t\t\t<\/div>\n\t\t\t\t<\/div>\n\t\t\t\t\t<\/div>\n\t\t<\/div>\n\t\t\t\t\t<\/div>\n\t\t<\/section>\n\t\t\t\t<section class=\"elementor-section elementor-top-section elementor-element elementor-element-5969a40 elementor-reverse-tablet elementor-section-boxed elementor-section-height-default elementor-section-height-default\" data-id=\"5969a40\" data-element_type=\"section\" data-e-type=\"section\">\n\t\t\t\t\t\t<div class=\"elementor-container elementor-column-gap-default\">\n\t\t\t\t\t<div class=\"elementor-column elementor-col-50 elementor-top-column elementor-element elementor-element-d6b8007\" data-id=\"d6b8007\" data-element_type=\"column\" data-e-type=\"column\">\n\t\t\t<div class=\"elementor-widget-wrap elementor-element-populated\">\n\t\t\t\t\t\t<div class=\"elementor-element elementor-element-ff7da88 elementor-widget elementor-widget-text-editor\" data-id=\"ff7da88\" data-element_type=\"widget\" data-e-type=\"widget\" data-widget_type=\"text-editor.default\">\n\t\t\t\t<div class=\"elementor-widget-container\">\n\t\t\t\t\t\t\t\t\t<p data-start=\"244\" data-end=\"392\">Our first location was at Se\u00f1orial Plaza Shopping Centre, where we focused on delivering the experience of quality coffee, desserts, and sandwiches.<\/p><p data-start=\"244\" data-end=\"392\">Today, Caf\u00e9 Don Juan is the largest 100% Puerto Rican-owned local coffee shop chain in Puerto Rico, with eleven (11) locations across the island: Se\u00f1orial Plaza, Medical Sciences Campus, Centro M\u00e9dico, Cupey, Plaza Rio Hondo, Plaza del Sol, Plaza Carolina, Hato Rey, Caguas, Santurce, and Montemar Plaza. We also have an out-of-state location in Winter Park, Florida. More than 80 full-time and part-time employees are part of our team.<\/p><p data-start=\"244\" data-end=\"392\">With an elevated concept, Caf\u00e9 Don Juan has evolved to offer customers an experience rooted in Specialty Coffee\u2014coffee of excellence\u2014combined with inspirational spaces that encourage sharing, conversation, and enjoying the moment with a great cup of coffee.<\/p>\t\t\t\t\t\t\t\t<\/div>\n\t\t\t\t<\/div>\n\t\t\t\t\t<\/div>\n\t\t<\/div>\n\t\t\t\t<div class=\"elementor-column elementor-col-50 elementor-top-column elementor-element elementor-element-57e4d64\" data-id=\"57e4d64\" data-element_type=\"column\" data-e-type=\"column\">\n\t\t\t<div class=\"elementor-widget-wrap elementor-element-populated\">\n\t\t\t\t\t\t<div class=\"elementor-element elementor-element-b8365b6 elementor-widget elementor-widget-image\" data-id=\"b8365b6\" data-element_type=\"widget\" data-e-type=\"widget\" data-widget_type=\"image.default\">\n\t\t\t\t<div class=\"elementor-widget-container\">\n\t\t\t\t\t\t\t\t\t\t\t\t\t\t\t<img decoding=\"async\" width=\"800\" height=\"534\" src=\"https:\/\/cafedonjuan.com\/wp-content\/uploads\/2022\/03\/hero_nosotros-1024x683.jpg\" class=\"attachment-large size-large wp-image-18058\" alt=\"\" srcset=\"https:\/\/cafedonjuan.com\/wp-content\/uploads\/2022\/03\/hero_nosotros-1024x683.jpg 1024w, https:\/\/cafedonjuan.com\/wp-content\/uploads\/2022\/03\/hero_nosotros-300x200.jpg 300w, https:\/\/cafedonjuan.com\/wp-content\/uploads\/2022\/03\/hero_nosotros-768x512.jpg 768w, https:\/\/cafedonjuan.com\/wp-content\/uploads\/2022\/03\/hero_nosotros-600x400.jpg 600w, https:\/\/cafedonjuan.com\/wp-content\/uploads\/2022\/03\/hero_nosotros.jpg 1200w\" sizes=\"(max-width: 800px) 100vw, 800px\" \/>\t\t\t\t\t\t\t\t\t\t\t\t\t\t\t<\/div>\n\t\t\t\t<\/div>\n\t\t\t\t\t<\/div>\n\t\t<\/div>\n\t\t\t\t\t<\/div>\n\t\t<\/section>\n\t\t\t\t<section class=\"elementor-section elementor-top-section elementor-element elementor-element-22891d1 elementor-section-full_width elementor-section-height-default elementor-section-height-default\" data-id=\"22891d1\" data-element_type=\"section\" data-e-type=\"section\">\n\t\t\t\t\t\t<div class=\"elementor-container elementor-column-gap-no\">\n\t\t\t\t\t<div class=\"elementor-column elementor-col-100 elementor-top-column elementor-element elementor-element-7e396ad\" data-id=\"7e396ad\" data-element_type=\"column\" data-e-type=\"column\">\n\t\t\t<div class=\"elementor-widget-wrap elementor-element-populated\">\n\t\t\t\t\t\t<div class=\"elementor-element elementor-element-d75ce50 elementor-widget elementor-widget-image\" data-id=\"d75ce50\" data-element_type=\"widget\" data-e-type=\"widget\" data-widget_type=\"image.default\">\n\t\t\t\t<div class=\"elementor-widget-container\">\n\t\t\t\t\t\t\t\t\t\t\t\t\t\t\t<img decoding=\"async\" width=\"1500\" height=\"518\" src=\"https:\/\/cafedonjuan.com\/wp-content\/uploads\/2022\/03\/img-nosotros.jpg\" class=\"attachment-full size-full wp-image-18059\" alt=\"\" srcset=\"https:\/\/cafedonjuan.com\/wp-content\/uploads\/2022\/03\/img-nosotros.jpg 1500w, https:\/\/cafedonjuan.com\/wp-content\/uploads\/2022\/03\/img-nosotros-300x104.jpg 300w, https:\/\/cafedonjuan.com\/wp-content\/uploads\/2022\/03\/img-nosotros-1024x354.jpg 1024w, https:\/\/cafedonjuan.com\/wp-content\/uploads\/2022\/03\/img-nosotros-768x265.jpg 768w, https:\/\/cafedonjuan.com\/wp-content\/uploads\/2022\/03\/img-nosotros-600x207.jpg 600w\" sizes=\"(max-width: 1500px) 100vw, 1500px\" \/>\t\t\t\t\t\t\t\t\t\t\t\t\t\t\t<\/div>\n\t\t\t\t<\/div>\n\t\t\t\t\t<\/div>\n\t\t<\/div>\n\t\t\t\t\t<\/div>\n\t\t<\/section>\n\t\t\t\t<\/div>\n\t\t","protected":false},"excerpt":{"rendered":"<p>Caf\u00e9 Don Juan is a coffee shop that was founded in 2012 by Juan Pablo Torres, a young barista who dedicated years to serving and exemplifying the culture of good coffee through his barista craft. Our first location was at Se\u00f1orial Plaza Shopping Centre, where we focused on delivering the experience of quality coffee, desserts, [&hellip;]<\/p>\n","protected":false},"author":1,"featured_media":18058,"parent":0,"menu_order":0,"comment_status":"closed","ping_status":"closed","template":"","meta":{"footnotes":""},"class_list":["post-19852","page","type-page","status-publish","has-post-thumbnail","hentry"],"yoast_head":"<!-- This site is optimized with the Yoast SEO Premium plugin v24.6 (Yoast SEO v27.4) - https:\/\/yoast.com\/product\/yoast-seo-premium-wordpress\/ -->\n<title>Nosotros | Conoce la Historia de Caf\u00e9 Don Juan<\/title>\n<meta name=\"description\" content=\"Conoce la historia de Caf\u00e9 Don Juan, una marca 100% puertorrique\u00f1a con pasi\u00f3n por el buen caf\u00e9 y el compromiso con lo local.\" \/>\n<meta name=\"robots\" content=\"index, follow, max-snippet:-1, max-image-preview:large, max-video-preview:-1\" \/>\n<link rel=\"canonical\" href=\"https:\/\/cafedonjuan.com\/en\/about-us\/\" \/>\n<meta property=\"og:locale\" content=\"en_US\" \/>\n<meta property=\"og:type\" content=\"article\" \/>\n<meta property=\"og:title\" content=\"About Us\" \/>\n<meta property=\"og:description\" content=\"Conoce la historia de Caf\u00e9 Don Juan, una marca 100% puertorrique\u00f1a con pasi\u00f3n por el buen caf\u00e9 y el compromiso con lo local.\" \/>\n<meta property=\"og:url\" content=\"https:\/\/cafedonjuan.com\/en\/about-us\/\" \/>\n<meta property=\"og:site_name\" content=\"Cafe Don Juan\" \/>\n<meta property=\"article:modified_time\" content=\"2025-06-05T20:33:25+00:00\" \/>\n<meta property=\"og:image\" content=\"https:\/\/cafedonjuan.com\/wp-content\/uploads\/2022\/03\/hero_nosotros.jpg\" \/>\n\t<meta property=\"og:image:width\" content=\"1200\" \/>\n\t<meta property=\"og:image:height\" content=\"800\" \/>\n\t<meta property=\"og:image:type\" content=\"image\/jpeg\" \/>\n<meta name=\"twitter:card\" content=\"summary_large_image\" \/>\n<meta name=\"twitter:label1\" content=\"Est. reading time\" \/>\n\t<meta name=\"twitter:data1\" content=\"2 minutes\" \/>\n<script type=\"application\/ld+json\" class=\"yoast-schema-graph\">{\"@context\":\"https:\\\/\\\/schema.org\",\"@graph\":[{\"@type\":\"WebPage\",\"@id\":\"https:\\\/\\\/cafedonjuan.com\\\/en\\\/about-us\\\/\",\"url\":\"https:\\\/\\\/cafedonjuan.com\\\/en\\\/about-us\\\/\",\"name\":\"Nosotros | Conoce la Historia de Caf\u00e9 Don Juan\",\"isPartOf\":{\"@id\":\"https:\\\/\\\/cafedonjuan.com\\\/#website\"},\"primaryImageOfPage\":{\"@id\":\"https:\\\/\\\/cafedonjuan.com\\\/en\\\/about-us\\\/#primaryimage\"},\"image\":{\"@id\":\"https:\\\/\\\/cafedonjuan.com\\\/en\\\/about-us\\\/#primaryimage\"},\"thumbnailUrl\":\"https:\\\/\\\/cafedonjuan.com\\\/wp-content\\\/uploads\\\/2022\\\/03\\\/hero_nosotros.jpg\",\"datePublished\":\"2022-03-02T06:17:49+00:00\",\"dateModified\":\"2025-06-05T20:33:25+00:00\",\"description\":\"Conoce la historia de Caf\u00e9 Don Juan, una marca 100% puertorrique\u00f1a con pasi\u00f3n por el buen caf\u00e9 y el compromiso con lo local.\",\"breadcrumb\":{\"@id\":\"https:\\\/\\\/cafedonjuan.com\\\/en\\\/about-us\\\/#breadcrumb\"},\"inLanguage\":\"en-US\",\"potentialAction\":[{\"@type\":\"ReadAction\",\"target\":[\"https:\\\/\\\/cafedonjuan.com\\\/en\\\/about-us\\\/\"]}]},{\"@type\":\"ImageObject\",\"inLanguage\":\"en-US\",\"@id\":\"https:\\\/\\\/cafedonjuan.com\\\/en\\\/about-us\\\/#primaryimage\",\"url\":\"https:\\\/\\\/cafedonjuan.com\\\/wp-content\\\/uploads\\\/2022\\\/03\\\/hero_nosotros.jpg\",\"contentUrl\":\"https:\\\/\\\/cafedonjuan.com\\\/wp-content\\\/uploads\\\/2022\\\/03\\\/hero_nosotros.jpg\",\"width\":1200,\"height\":800},{\"@type\":\"BreadcrumbList\",\"@id\":\"https:\\\/\\\/cafedonjuan.com\\\/en\\\/about-us\\\/#breadcrumb\",\"itemListElement\":[{\"@type\":\"ListItem\",\"position\":1,\"name\":\"Portada\",\"item\":\"https:\\\/\\\/cafedonjuan.com\\\/en\\\/\"},{\"@type\":\"ListItem\",\"position\":2,\"name\":\"About Us\"}]},{\"@type\":\"WebSite\",\"@id\":\"https:\\\/\\\/cafedonjuan.com\\\/#website\",\"url\":\"https:\\\/\\\/cafedonjuan.com\\\/\",\"name\":\"Cafe Don Juan\",\"description\":\"Vive la cultura del buen caf\u00e9\",\"publisher\":{\"@id\":\"https:\\\/\\\/cafedonjuan.com\\\/#organization\"},\"potentialAction\":[{\"@type\":\"SearchAction\",\"target\":{\"@type\":\"EntryPoint\",\"urlTemplate\":\"https:\\\/\\\/cafedonjuan.com\\\/?s={search_term_string}\"},\"query-input\":{\"@type\":\"PropertyValueSpecification\",\"valueRequired\":true,\"valueName\":\"search_term_string\"}}],\"inLanguage\":\"en-US\"},{\"@type\":\"Organization\",\"@id\":\"https:\\\/\\\/cafedonjuan.com\\\/#organization\",\"name\":\"Cafe Don Juan\",\"url\":\"https:\\\/\\\/cafedonjuan.com\\\/\",\"logo\":{\"@type\":\"ImageObject\",\"inLanguage\":\"en-US\",\"@id\":\"https:\\\/\\\/cafedonjuan.com\\\/#\\\/schema\\\/logo\\\/image\\\/\",\"url\":\"https:\\\/\\\/cafedonjuan.com\\\/wp-content\\\/uploads\\\/2022\\\/03\\\/CafeDonJuan.png\",\"contentUrl\":\"https:\\\/\\\/cafedonjuan.com\\\/wp-content\\\/uploads\\\/2022\\\/03\\\/CafeDonJuan.png\",\"width\":474,\"height\":280,\"caption\":\"Cafe Don Juan\"},\"image\":{\"@id\":\"https:\\\/\\\/cafedonjuan.com\\\/#\\\/schema\\\/logo\\\/image\\\/\"}}]}<\/script>\n<!-- \/ Yoast SEO Premium plugin. -->","yoast_head_json":{"title":"Nosotros | Conoce la Historia de Caf\u00e9 Don Juan","description":"Conoce la historia de Caf\u00e9 Don Juan, una marca 100% puertorrique\u00f1a con pasi\u00f3n por el buen caf\u00e9 y el compromiso con lo local.","robots":{"index":"index","follow":"follow","max-snippet":"max-snippet:-1","max-image-preview":"max-image-preview:large","max-video-preview":"max-video-preview:-1"},"canonical":"https:\/\/cafedonjuan.com\/en\/about-us\/","og_locale":"en_US","og_type":"article","og_title":"About Us","og_description":"Conoce la historia de Caf\u00e9 Don Juan, una marca 100% puertorrique\u00f1a con pasi\u00f3n por el buen caf\u00e9 y el compromiso con lo local.","og_url":"https:\/\/cafedonjuan.com\/en\/about-us\/","og_site_name":"Cafe Don Juan","article_modified_time":"2025-06-05T20:33:25+00:00","og_image":[{"width":1200,"height":800,"url":"https:\/\/cafedonjuan.com\/wp-content\/uploads\/2022\/03\/hero_nosotros.jpg","type":"image\/jpeg"}],"twitter_card":"summary_large_image","twitter_misc":{"Est. reading time":"2 minutes"},"schema":{"@context":"https:\/\/schema.org","@graph":[{"@type":"WebPage","@id":"https:\/\/cafedonjuan.com\/en\/about-us\/","url":"https:\/\/cafedonjuan.com\/en\/about-us\/","name":"Nosotros | Conoce la Historia de Caf\u00e9 Don Juan","isPartOf":{"@id":"https:\/\/cafedonjuan.com\/#website"},"primaryImageOfPage":{"@id":"https:\/\/cafedonjuan.com\/en\/about-us\/#primaryimage"},"image":{"@id":"https:\/\/cafedonjuan.com\/en\/about-us\/#primaryimage"},"thumbnailUrl":"https:\/\/cafedonjuan.com\/wp-content\/uploads\/2022\/03\/hero_nosotros.jpg","datePublished":"2022-03-02T06:17:49+00:00","dateModified":"2025-06-05T20:33:25+00:00","description":"Conoce la historia de Caf\u00e9 Don Juan, una marca 100% puertorrique\u00f1a con pasi\u00f3n por el buen caf\u00e9 y el compromiso con lo local.","breadcrumb":{"@id":"https:\/\/cafedonjuan.com\/en\/about-us\/#breadcrumb"},"inLanguage":"en-US","potentialAction":[{"@type":"ReadAction","target":["https:\/\/cafedonjuan.com\/en\/about-us\/"]}]},{"@type":"ImageObject","inLanguage":"en-US","@id":"https:\/\/cafedonjuan.com\/en\/about-us\/#primaryimage","url":"https:\/\/cafedonjuan.com\/wp-content\/uploads\/2022\/03\/hero_nosotros.jpg","contentUrl":"https:\/\/cafedonjuan.com\/wp-content\/uploads\/2022\/03\/hero_nosotros.jpg","width":1200,"height":800},{"@type":"BreadcrumbList","@id":"https:\/\/cafedonjuan.com\/en\/about-us\/#breadcrumb","itemListElement":[{"@type":"ListItem","position":1,"name":"Portada","item":"https:\/\/cafedonjuan.com\/en\/"},{"@type":"ListItem","position":2,"name":"About Us"}]},{"@type":"WebSite","@id":"https:\/\/cafedonjuan.com\/#website","url":"https:\/\/cafedonjuan.com\/","name":"Cafe Don Juan","description":"Vive la cultura del buen caf\u00e9","publisher":{"@id":"https:\/\/cafedonjuan.com\/#organization"},"potentialAction":[{"@type":"SearchAction","target":{"@type":"EntryPoint","urlTemplate":"https:\/\/cafedonjuan.com\/?s={search_term_string}"},"query-input":{"@type":"PropertyValueSpecification","valueRequired":true,"valueName":"search_term_string"}}],"inLanguage":"en-US"},{"@type":"Organization","@id":"https:\/\/cafedonjuan.com\/#organization","name":"Cafe Don Juan","url":"https:\/\/cafedonjuan.com\/","logo":{"@type":"ImageObject","inLanguage":"en-US","@id":"https:\/\/cafedonjuan.com\/#\/schema\/logo\/image\/","url":"https:\/\/cafedonjuan.com\/wp-content\/uploads\/2022\/03\/CafeDonJuan.png","contentUrl":"https:\/\/cafedonjuan.com\/wp-content\/uploads\/2022\/03\/CafeDonJuan.png","width":474,"height":280,"caption":"Cafe Don Juan"},"image":{"@id":"https:\/\/cafedonjuan.com\/#\/schema\/logo\/image\/"}}]}},"jetpack_sharing_enabled":true,"_links":{"self":[{"href":"https:\/\/cafedonjuan.com\/en\/wp-json\/wp\/v2\/pages\/19852","targetHints":{"allow":["GET"]}}],"collection":[{"href":"https:\/\/cafedonjuan.com\/en\/wp-json\/wp\/v2\/pages"}],"about":[{"href":"https:\/\/cafedonjuan.com\/en\/wp-json\/wp\/v2\/types\/page"}],"author":[{"embeddable":true,"href":"https:\/\/cafedonjuan.com\/en\/wp-json\/wp\/v2\/users\/1"}],"replies":[{"embeddable":true,"href":"https:\/\/cafedonjuan.com\/en\/wp-json\/wp\/v2\/comments?post=19852"}],"version-history":[{"count":4,"href":"https:\/\/cafedonjuan.com\/en\/wp-json\/wp\/v2\/pages\/19852\/revisions"}],"predecessor-version":[{"id":19857,"href":"https:\/\/cafedonjuan.com\/en\/wp-json\/wp\/v2\/pages\/19852\/revisions\/19857"}],"wp:featuredmedia":[{"embeddable":true,"href":"https:\/\/cafedonjuan.com\/en\/wp-json\/wp\/v2\/media\/18058"}],"wp:attachment":[{"href":"https:\/\/cafedonjuan.com\/en\/wp-json\/wp\/v2\/media?parent=19852"}],"curies":[{"name":"wp","href":"https:\/\/api.w.org\/{rel}","templated":true}]}}