{"id":19635,"date":"2026-03-17T20:44:36","date_gmt":"2026-03-18T00:44:36","guid":{"rendered":"https:\/\/cafedonjuan.com\/mercado\/tipico-lares\/"},"modified":"2026-02-27T18:05:06","modified_gmt":"2026-02-27T22:05:06","slug":"tipico-lares","status":"publish","type":"product","link":"https:\/\/cafedonjuan.com\/en\/tienda\/tipico-lares\/","title":{"rendered":"T\u00edpico- Lares"},"content":{"rendered":"<div class=\"elementor-element elementor-element-ff001fd elementor-widget elementor-widget-woocommerce-product-content\" data-id=\"ff001fd\" data-element_type=\"widget\" data-widget_type=\"woocommerce-product-content.default\">\n<div class=\"elementor-widget-container\">\n<p>T\u00edpico Lares Coffee 10oz. A coffee elaborated in Lares, P.R. with much love and dedication.<\/p>\n<p>Exclusive washing and roasting of Caf\u00e9 Don Juan.<\/p>\n<\/div>\n<\/div>\n","protected":false},"excerpt":{"rendered":"<div class=\"elementor-element elementor-element-ff001fd elementor-widget elementor-widget-woocommerce-product-content\" data-id=\"ff001fd\" data-element_type=\"widget\" data-widget_type=\"woocommerce-product-content.default\">\n<div class=\"elementor-widget-container\">\n<div class=\"elementor-element elementor-element-ff001fd elementor-widget elementor-widget-woocommerce-product-content\" data-id=\"ff001fd\" data-element_type=\"widget\" data-widget_type=\"woocommerce-product-content.default\">\n<div class=\"elementor-widget-container\">\n<div class=\"elementor-element elementor-element-ff001fd elementor-widget elementor-widget-woocommerce-product-content\" data-id=\"ff001fd\" data-element_type=\"widget\" data-widget_type=\"woocommerce-product-content.default\">\n<div class=\"elementor-widget-container\">\n<p>T\u00edpico Lares Coffee 10oz. A coffee elaborated in Lares, P.R. with much love and dedication.<\/p>\n<p>Exclusive washing and roasting of Caf\u00e9 Don Juan.<\/p>\n<\/div>\n<\/div>\n<\/div>\n<\/div>\n<\/div>\n<\/div>\n","protected":false},"featured_media":19899,"template":"","meta":[],"product_brand":[],"product_cat":[96],"product_tag":[],"class_list":{"0":"post-19635","1":"product","2":"type-product","3":"status-publish","4":"has-post-thumbnail","6":"product_cat-coffee-beans-en","7":"product_shipping_class-flat-rate-8-00-en","8":"tm-has-options","10":"first","11":"instock","12":"taxable","13":"shipping-taxable","14":"purchasable","15":"product-type-simple"},"yoast_head":"<!-- This site is optimized with the Yoast SEO Premium plugin v24.6 (Yoast SEO v26.6) - https:\/\/yoast.com\/wordpress\/plugins\/seo\/ -->\n<title>T\u00edpico- Lares | Cafe Don Juan<\/title>\n<meta name=\"robots\" content=\"index, follow, max-snippet:-1, max-image-preview:large, max-video-preview:-1\" \/>\n<link rel=\"canonical\" href=\"https:\/\/cafedonjuan.com\/en\/tienda\/tipico-lares\/\" \/>\n<meta property=\"og:locale\" content=\"en_US\" \/>\n<meta property=\"og:type\" content=\"article\" \/>\n<meta property=\"og:title\" content=\"T\u00edpico- Lares\" \/>\n<meta property=\"og:description\" content=\"T\u00edpico Lares Coffee 10oz. A coffee elaborated in Lares, P.R. with much love and dedication.  Exclusive washing and roasting of Caf\u00e9 Don Juan.\" \/>\n<meta property=\"og:url\" content=\"https:\/\/cafedonjuan.com\/en\/tienda\/tipico-lares\/\" \/>\n<meta property=\"og:site_name\" content=\"Cafe Don Juan\" \/>\n<meta property=\"og:image\" content=\"https:\/\/cafedonjuan.com\/wp-content\/uploads\/2025\/04\/paquete-lares-tipico-cafe-don-juan-scaled.webp\" \/>\n\t<meta property=\"og:image:width\" content=\"2560\" \/>\n\t<meta property=\"og:image:height\" content=\"2560\" \/>\n\t<meta property=\"og:image:type\" content=\"image\/webp\" \/>\n<meta name=\"twitter:card\" content=\"summary_large_image\" \/>\n<meta name=\"twitter:label1\" content=\"Est. reading time\" \/>\n\t<meta name=\"twitter:data1\" content=\"1 minute\" \/>\n<script type=\"application\/ld+json\" class=\"yoast-schema-graph\">{\"@context\":\"https:\/\/schema.org\",\"@graph\":[{\"@type\":\"WebPage\",\"@id\":\"https:\/\/cafedonjuan.com\/en\/tienda\/tipico-lares\/\",\"url\":\"https:\/\/cafedonjuan.com\/en\/tienda\/tipico-lares\/\",\"name\":\"T\u00edpico- Lares | Cafe Don Juan\",\"isPartOf\":{\"@id\":\"https:\/\/cafedonjuan.com\/#website\"},\"primaryImageOfPage\":{\"@id\":\"https:\/\/cafedonjuan.com\/en\/tienda\/tipico-lares\/#primaryimage\"},\"image\":{\"@id\":\"https:\/\/cafedonjuan.com\/en\/tienda\/tipico-lares\/#primaryimage\"},\"thumbnailUrl\":\"https:\/\/cafedonjuan.com\/wp-content\/uploads\/2025\/04\/paquete-lares-tipico-cafe-don-juan-scaled.webp\",\"datePublished\":\"2026-03-18T00:44:36+00:00\",\"breadcrumb\":{\"@id\":\"https:\/\/cafedonjuan.com\/en\/tienda\/tipico-lares\/#breadcrumb\"},\"inLanguage\":\"en-US\",\"potentialAction\":[{\"@type\":\"ReadAction\",\"target\":[\"https:\/\/cafedonjuan.com\/en\/tienda\/tipico-lares\/\"]}]},{\"@type\":\"ImageObject\",\"inLanguage\":\"en-US\",\"@id\":\"https:\/\/cafedonjuan.com\/en\/tienda\/tipico-lares\/#primaryimage\",\"url\":\"https:\/\/cafedonjuan.com\/wp-content\/uploads\/2025\/04\/paquete-lares-tipico-cafe-don-juan-scaled.webp\",\"contentUrl\":\"https:\/\/cafedonjuan.com\/wp-content\/uploads\/2025\/04\/paquete-lares-tipico-cafe-don-juan-scaled.webp\",\"width\":2560,\"height\":2560,\"caption\":\"Bolsa de caf\u00e9 Lares con dise\u00f1o floral y etiqueta con detalles sobre origen, acidez y notas de sabor del caf\u00e9.\"},{\"@type\":\"BreadcrumbList\",\"@id\":\"https:\/\/cafedonjuan.com\/en\/tienda\/tipico-lares\/#breadcrumb\",\"itemListElement\":[{\"@type\":\"ListItem\",\"position\":1,\"name\":\"Portada\",\"item\":\"https:\/\/cafedonjuan.com\/en\/\"},{\"@type\":\"ListItem\",\"position\":2,\"name\":\"Shop\",\"item\":\"https:\/\/cafedonjuan.com\/en\/shop\/\"},{\"@type\":\"ListItem\",\"position\":3,\"name\":\"T\u00edpico- Lares\"}]},{\"@type\":\"WebSite\",\"@id\":\"https:\/\/cafedonjuan.com\/#website\",\"url\":\"https:\/\/cafedonjuan.com\/\",\"name\":\"Cafe Don Juan\",\"description\":\"Vive la cultura del buen caf\u00e9\",\"publisher\":{\"@id\":\"https:\/\/cafedonjuan.com\/#organization\"},\"potentialAction\":[{\"@type\":\"SearchAction\",\"target\":{\"@type\":\"EntryPoint\",\"urlTemplate\":\"https:\/\/cafedonjuan.com\/?s={search_term_string}\"},\"query-input\":{\"@type\":\"PropertyValueSpecification\",\"valueRequired\":true,\"valueName\":\"search_term_string\"}}],\"inLanguage\":\"en-US\"},{\"@type\":\"Organization\",\"@id\":\"https:\/\/cafedonjuan.com\/#organization\",\"name\":\"Cafe Don Juan\",\"url\":\"https:\/\/cafedonjuan.com\/\",\"logo\":{\"@type\":\"ImageObject\",\"inLanguage\":\"en-US\",\"@id\":\"https:\/\/cafedonjuan.com\/#\/schema\/logo\/image\/\",\"url\":\"https:\/\/cafedonjuan.com\/wp-content\/uploads\/2022\/03\/CafeDonJuan.png\",\"contentUrl\":\"https:\/\/cafedonjuan.com\/wp-content\/uploads\/2022\/03\/CafeDonJuan.png\",\"width\":474,\"height\":280,\"caption\":\"Cafe Don Juan\"},\"image\":{\"@id\":\"https:\/\/cafedonjuan.com\/#\/schema\/logo\/image\/\"}}]}<\/script>\n<!-- \/ Yoast SEO Premium plugin. -->","yoast_head_json":{"title":"T\u00edpico- Lares | Cafe Don Juan","robots":{"index":"index","follow":"follow","max-snippet":"max-snippet:-1","max-image-preview":"max-image-preview:large","max-video-preview":"max-video-preview:-1"},"canonical":"https:\/\/cafedonjuan.com\/en\/tienda\/tipico-lares\/","og_locale":"en_US","og_type":"article","og_title":"T\u00edpico- Lares","og_description":"T\u00edpico Lares Coffee 10oz. A coffee elaborated in Lares, P.R. with much love and dedication.  Exclusive washing and roasting of Caf\u00e9 Don Juan.","og_url":"https:\/\/cafedonjuan.com\/en\/tienda\/tipico-lares\/","og_site_name":"Cafe Don Juan","og_image":[{"width":2560,"height":2560,"url":"https:\/\/cafedonjuan.com\/wp-content\/uploads\/2025\/04\/paquete-lares-tipico-cafe-don-juan-scaled.webp","type":"image\/webp"}],"twitter_card":"summary_large_image","twitter_misc":{"Est. reading time":"1 minute"},"schema":{"@context":"https:\/\/schema.org","@graph":[{"@type":"WebPage","@id":"https:\/\/cafedonjuan.com\/en\/tienda\/tipico-lares\/","url":"https:\/\/cafedonjuan.com\/en\/tienda\/tipico-lares\/","name":"T\u00edpico- Lares | Cafe Don Juan","isPartOf":{"@id":"https:\/\/cafedonjuan.com\/#website"},"primaryImageOfPage":{"@id":"https:\/\/cafedonjuan.com\/en\/tienda\/tipico-lares\/#primaryimage"},"image":{"@id":"https:\/\/cafedonjuan.com\/en\/tienda\/tipico-lares\/#primaryimage"},"thumbnailUrl":"https:\/\/cafedonjuan.com\/wp-content\/uploads\/2025\/04\/paquete-lares-tipico-cafe-don-juan-scaled.webp","datePublished":"2026-03-18T00:44:36+00:00","breadcrumb":{"@id":"https:\/\/cafedonjuan.com\/en\/tienda\/tipico-lares\/#breadcrumb"},"inLanguage":"en-US","potentialAction":[{"@type":"ReadAction","target":["https:\/\/cafedonjuan.com\/en\/tienda\/tipico-lares\/"]}]},{"@type":"ImageObject","inLanguage":"en-US","@id":"https:\/\/cafedonjuan.com\/en\/tienda\/tipico-lares\/#primaryimage","url":"https:\/\/cafedonjuan.com\/wp-content\/uploads\/2025\/04\/paquete-lares-tipico-cafe-don-juan-scaled.webp","contentUrl":"https:\/\/cafedonjuan.com\/wp-content\/uploads\/2025\/04\/paquete-lares-tipico-cafe-don-juan-scaled.webp","width":2560,"height":2560,"caption":"Bolsa de caf\u00e9 Lares con dise\u00f1o floral y etiqueta con detalles sobre origen, acidez y notas de sabor del caf\u00e9."},{"@type":"BreadcrumbList","@id":"https:\/\/cafedonjuan.com\/en\/tienda\/tipico-lares\/#breadcrumb","itemListElement":[{"@type":"ListItem","position":1,"name":"Portada","item":"https:\/\/cafedonjuan.com\/en\/"},{"@type":"ListItem","position":2,"name":"Shop","item":"https:\/\/cafedonjuan.com\/en\/shop\/"},{"@type":"ListItem","position":3,"name":"T\u00edpico- Lares"}]},{"@type":"WebSite","@id":"https:\/\/cafedonjuan.com\/#website","url":"https:\/\/cafedonjuan.com\/","name":"Cafe Don Juan","description":"Vive la cultura del buen caf\u00e9","publisher":{"@id":"https:\/\/cafedonjuan.com\/#organization"},"potentialAction":[{"@type":"SearchAction","target":{"@type":"EntryPoint","urlTemplate":"https:\/\/cafedonjuan.com\/?s={search_term_string}"},"query-input":{"@type":"PropertyValueSpecification","valueRequired":true,"valueName":"search_term_string"}}],"inLanguage":"en-US"},{"@type":"Organization","@id":"https:\/\/cafedonjuan.com\/#organization","name":"Cafe Don Juan","url":"https:\/\/cafedonjuan.com\/","logo":{"@type":"ImageObject","inLanguage":"en-US","@id":"https:\/\/cafedonjuan.com\/#\/schema\/logo\/image\/","url":"https:\/\/cafedonjuan.com\/wp-content\/uploads\/2022\/03\/CafeDonJuan.png","contentUrl":"https:\/\/cafedonjuan.com\/wp-content\/uploads\/2022\/03\/CafeDonJuan.png","width":474,"height":280,"caption":"Cafe Don Juan"},"image":{"@id":"https:\/\/cafedonjuan.com\/#\/schema\/logo\/image\/"}}]}},"jetpack_sharing_enabled":true,"_links":{"self":[{"href":"https:\/\/cafedonjuan.com\/en\/wp-json\/wp\/v2\/product\/19635","targetHints":{"allow":["GET"]}}],"collection":[{"href":"https:\/\/cafedonjuan.com\/en\/wp-json\/wp\/v2\/product"}],"about":[{"href":"https:\/\/cafedonjuan.com\/en\/wp-json\/wp\/v2\/types\/product"}],"wp:featuredmedia":[{"embeddable":true,"href":"https:\/\/cafedonjuan.com\/en\/wp-json\/wp\/v2\/media\/19899"}],"wp:attachment":[{"href":"https:\/\/cafedonjuan.com\/en\/wp-json\/wp\/v2\/media?parent=19635"}],"wp:term":[{"taxonomy":"product_brand","embeddable":true,"href":"https:\/\/cafedonjuan.com\/en\/wp-json\/wp\/v2\/product_brand?post=19635"},{"taxonomy":"product_cat","embeddable":true,"href":"https:\/\/cafedonjuan.com\/en\/wp-json\/wp\/v2\/product_cat?post=19635"},{"taxonomy":"product_tag","embeddable":true,"href":"https:\/\/cafedonjuan.com\/en\/wp-json\/wp\/v2\/product_tag?post=19635"}],"curies":[{"name":"wp","href":"https:\/\/api.w.org\/{rel}","templated":true}]}}